{"id":91,"date":"2019-09-29T23:20:14","date_gmt":"2019-09-29T21:20:14","guid":{"rendered":"http:\/\/website.svregenbogen.de\/?page_id=91"},"modified":"2022-01-12T22:28:27","modified_gmt":"2022-01-12T21:28:27","slug":"community","status":"publish","type":"page","link":"https:\/\/www.svregenbogen.de\/?page_id=91","title":{"rendered":"Community"},"content":{"rendered":"<div  data-label=\"Links\" data-id=\"portfolio--1\" data-export-id=\"portfolio-1\" data-category=\"portfolio\" class=\"portfolio-1 content-section content-section-spacing\" id=\"links\" style=\"background-color: rgb(255, 255, 255);\"><div  class=\"gridContainer\"> <div  class=\"row text-center\"><div  class=\"section-title-col\" data-type=\"column\"> <h2  class=\"\">Weitere Vereine und Webseiten<\/h2> <p  class=\"lead\">Die regionale Community aus Gie\u00dfen und Umgebung.\n<br >Und weitere Links mit interessanten Inhalten.<\/p><\/div> <\/div> <div  data-type=\"row\" class=\"row spaced-cols\" data-fixed=\"true\"> <div  class=\"col-xs-12 col-sm-4\"> <div  class=\"contentswap-effect visible\" data-hover-fx=\"portfolio-1\"> <div  class=\"initial-image\"> <img decoding=\"async\"  data-size=\"500x333\" src=\"https:\/\/www.svregenbogen.de\/wp-content\/uploads\/2019\/09\/cropped-clasped-hands-541849_640-1.jpg\"><\/div> <div  class=\"overlay\"><\/div> <div  class=\"swap-inner col-xs-12\"> <div  class=\"row full-height-row bottom-xs\"> <div  class=\"col-xs-12 color1 text-center content-holder\"> <h4  class=\"inverted font-500\">Aidshilfe in Mittelhessen<\/h4> <a href=\"https:\/\/aidshilfe-in-mittelhessen.de\" class=\"inverted italic p small\" target=\"_blank\" data-cp-link=\"1\" rel=\"noopener noreferrer\">Externe Seite \u00f6ffnen<\/a><\/div> <\/div><\/div> <\/div><\/div> <div  class=\"col-xs-12 col-sm-4\"><div  class=\"contentswap-effect visible\" data-hover-fx=\"portfolio-1\"> <div  class=\"initial-image\"> <img decoding=\"async\"  data-size=\"500x333\" src=\"https:\/\/www.svregenbogen.de\/wp-content\/uploads\/2019\/09\/cropped-mic-1132528_640-1.jpg\"><\/div> <div  class=\"overlay\"><\/div> <div  class=\"swap-inner col-xs-12\"> <div  class=\"row full-height-row bottom-xs\"> <div  class=\"col-xs-12 color1 text-center content-holder\"> <h4  class=\"inverted font-500\">Chor Auqeerious<\/h4> <a href=\"https:\/\/aqueerious.jimdo.com\" class=\"inverted italic p small\" target=\"_blank\" data-cp-link=\"1\" rel=\"noopener noreferrer\">Externe Seite \u00f6ffnen<\/a><\/div> <\/div><\/div> <\/div><\/div> <div  class=\"col-xs-12 col-sm-4\"><div  class=\"contentswap-effect visible\" data-hover-fx=\"portfolio-1\"> <div  class=\"initial-image\"> <img decoding=\"async\"  data-size=\"500x333\" src=\"https:\/\/www.svregenbogen.de\/wp-content\/uploads\/2019\/09\/cropped-ball-1930191_640.jpg\"><\/div> <div  class=\"overlay\"><\/div> <div  class=\"swap-inner col-xs-12\"> <div  class=\"row full-height-row bottom-xs\"> <div  class=\"col-xs-12 color1 text-center content-holder\"> <h4  class=\"inverted font-500\">Frankfurter Volleyball Verein e.V.<\/h4> <a href=\"https:\/\/www.fvv.org\/de\" class=\"inverted italic p small\" target=\"_blank\" data-cp-link=\"1\" rel=\"noopener noreferrer\">Externe Seite \u00f6ffnen<\/a><\/div> <\/div><\/div> <\/div><\/div> <div  class=\"col-xs-12 col-sm-4\"><div  class=\"contentswap-effect visible\" data-hover-fx=\"portfolio-1\"> <div  class=\"initial-image\"> <img decoding=\"async\"  data-size=\"500x333\" src=\"https:\/\/www.svregenbogen.de\/wp-content\/uploads\/2019\/09\/cropped-badminton-659910_640-1.jpg\"><\/div> <div  class=\"overlay\"><\/div> <div  class=\"swap-inner col-xs-12\"> <div  class=\"row full-height-row bottom-xs\"> <div  class=\"col-xs-12 color1 text-center content-holder\"> <h4  class=\"inverted font-500\">TSV 1907 Allendorf Lumda e.V.<\/h4> <a href=\"https:\/\/www.tsv-allendorf.de\/abteilungen\/badminton\" class=\"inverted italic p small\" target=\"_blank\" data-cp-link=\"1\" rel=\"noopener noreferrer\">Externe Seite \u00f6ffnen<\/a><\/div> <\/div><\/div> <\/div><\/div> <div  class=\"col-xs-12 col-sm-4\"> <div  class=\"contentswap-effect visible\" data-hover-fx=\"portfolio-1\"> <div  class=\"initial-image\"> <img decoding=\"async\"  data-size=\"500x333\" src=\"https:\/\/www.svregenbogen.de\/wp-content\/uploads\/2019\/10\/dance-3134828_640.jpg\"><\/div> <div  class=\"overlay\"><\/div> <div  class=\"swap-inner col-xs-12\"> <div  class=\"row full-height-row bottom-xs\"> <div  class=\"col-xs-12 color1 text-center content-holder\"> <h4  class=\"inverted font-500\">Artemis Sport Frankfurt e.V.<\/h4> <a href=\"http:\/\/peppermintaction.de\" class=\"inverted italic p small\" target=\"_blank\" data-cp-link=\"1\" rel=\"noopener noreferrer\">Externe Seite \u00f6ffnen<\/a><\/div> <\/div><\/div> <\/div><\/div><div  class=\"col-xs-12 col-sm-4\"><div  class=\"contentswap-effect visible\" data-hover-fx=\"portfolio-1\"> <div  class=\"initial-image\"> <img decoding=\"async\"  data-size=\"500x333\" src=\"https:\/\/www.svregenbogen.de\/wp-content\/uploads\/2019\/09\/cropped-gay-2507365_640.jpg\"><\/div> <div  class=\"overlay\"><\/div> <div  class=\"swap-inner col-xs-12\"> <div  class=\"row full-height-row bottom-xs\"> <div  class=\"col-xs-12 color1 text-center content-holder\"> <h4  class=\"inverted font-500\">CSD Mittelhessen<\/h4> <a href=\"https:\/\/csdmittelhessen.de\" class=\"inverted italic p small\" target=\"_blank\" data-cp-link=\"1\" rel=\"noopener noreferrer\">Externe Seite \u00f6ffnen<\/a><\/div> <\/div><\/div> <\/div><\/div> <div  class=\"col-xs-12 col-sm-4\"><div  class=\"contentswap-effect visible\" data-hover-fx=\"portfolio-1\"> <div  class=\"initial-image\"> <img decoding=\"async\"  data-size=\"500x333\" src=\"https:\/\/www.svregenbogen.de\/wp-content\/uploads\/2019\/09\/cropped-dj-937260_640-1.jpg\"><\/div> <div  class=\"overlay\"><\/div> <div  class=\"swap-inner col-xs-12\"> <div  class=\"row full-height-row bottom-xs\"> <div  class=\"col-xs-12 color1 text-center content-holder\"> <h4  class=\"inverted font-500\">Schwule-M\u00e4dchen-Party Gie\u00dfen<\/h4> <a href=\"https:\/\/web.facebook.com\/groups\/192197837859?_rdc=1&amp;_rdr=undefined\" class=\"inverted italic p small\" target=\"_blank\" data-cp-link=\"1\" rel=\"noopener noreferrer\">Externe Seite \u00f6ffnen<\/a><\/div> <\/div><\/div> <\/div><\/div> <div  class=\"col-xs-12 col-sm-4\"> <div  class=\"contentswap-effect visible\" data-hover-fx=\"portfolio-1\"> <div  class=\"initial-image\"> <img decoding=\"async\"  data-size=\"500x333\" src=\"https:\/\/www.svregenbogen.de\/wp-content\/uploads\/2019\/09\/concert-336695_640.jpg\"><\/div> <div  class=\"overlay\"><\/div> <div  class=\"swap-inner col-xs-12\"> <div  class=\"row full-height-row bottom-xs\"> <div  class=\"col-xs-12 color1 text-center content-holder\"> <h4  class=\"inverted font-500\">Einhorn Party Gie\u00dfen<\/h4> <a href=\"https:\/\/web.facebook.com\/EinhornPartys?_rdc=1&amp;_rdr=undefined\" class=\"inverted italic p small\" target=\"_blank\" data-cp-link=\"1\" rel=\"noopener noreferrer\">Externe Seite \u00f6ffnen<\/a><\/div> <\/div><\/div> <\/div><\/div><div  class=\"col-xs-12 col-sm-4\"> <div  class=\"contentswap-effect visible\" data-hover-fx=\"portfolio-1\"> <div  class=\"initial-image\"> <img decoding=\"async\"  data-size=\"500x333\" src=\"https:\/\/www.svregenbogen.de\/wp-content\/uploads\/2019\/09\/human-2620298_640.jpg\"><\/div> <div  class=\"overlay\"><\/div> <div  class=\"swap-inner col-xs-12\"> <div  class=\"row full-height-row bottom-xs\"> <div  class=\"col-xs-12 color1 text-center content-holder\"> <h4  class=\"inverted font-500\">CSD Termine<\/h4> <a href=\"https:\/\/www.csd-termine.de\" class=\"inverted italic p small\" target=\"_blank\" data-cp-link=\"1\" rel=\"noopener noreferrer\">Externe Seite \u00f6ffnen<\/a><\/div> <\/div><\/div> <\/div><\/div><div  class=\"col-xs-12 col-sm-4\"> <div  class=\"contentswap-effect visible\" data-hover-fx=\"portfolio-1\"> <div  class=\"initial-image\"> <img decoding=\"async\"  data-size=\"500x333\" src=\"https:\/\/www.svregenbogen.de\/wp-content\/uploads\/2019\/09\/people-2567915_640.jpg\"><\/div> <div  class=\"overlay\"><\/div> <div  class=\"swap-inner col-xs-12\"> <div  class=\"row full-height-row bottom-xs\"> <div  class=\"col-xs-12 color1 text-center content-holder\"> <h4  class=\"inverted font-500\">Queer-feministisches Frauenreferat Gie\u00dfen<\/h4> <a href=\"https:\/\/lsbtiq-hessen.de\/de\/autonomes-queer-feministisches-frauen-referat-im-asta-der-jlu-giessen\" class=\"inverted italic p small\" target=\"_blank\" data-cp-link=\"1\" rel=\"noopener noreferrer\">Externe Seite \u00f6ffnen<\/a><\/div> <\/div><\/div> <\/div><\/div><div  class=\"col-xs-12 col-sm-4\"> <div  class=\"contentswap-effect visible\" data-hover-fx=\"portfolio-1\"> <div  class=\"initial-image\"> <img decoding=\"async\"  data-size=\"500x333\" src=\"https:\/\/www.svregenbogen.de\/wp-content\/uploads\/2019\/09\/man-791049_640.jpg\"><\/div> <div  class=\"overlay\"><\/div> <div  class=\"swap-inner col-xs-12\"> <div  class=\"row full-height-row bottom-xs\"> <div  class=\"col-xs-12 color1 text-center content-holder\"> <h4  class=\"inverted font-500\">Autonomes Schwulenreferat Gie\u00dfen<\/h4> <a href=\"http:\/\/www.abstqr-giessen.de\" class=\"inverted italic p small\" target=\"_blank\" data-cp-link=\"1\" rel=\"noopener noreferrer\">Externe Seite \u00f6ffnen<\/a><\/div> <\/div><\/div> <\/div><\/div><div  class=\"col-xs-12 col-sm-4\"> <div  class=\"contentswap-effect visible\" data-hover-fx=\"portfolio-1\"> <div  class=\"initial-image\"> <img decoding=\"async\"  data-size=\"500x333\" src=\"https:\/\/www.svregenbogen.de\/wp-content\/uploads\/2019\/09\/cropped-student-2052868_640-1.jpg\"><\/div> <div  class=\"overlay\"><\/div> <div  class=\"swap-inner col-xs-12\"> <div  class=\"row full-height-row bottom-xs\"> <div  class=\"col-xs-12 color1 text-center content-holder\"> <h4  class=\"inverted font-500\">Autonomes Schwulenreferat Marburg<\/h4> <a href=\"https:\/\/schwulenreferatmarburg.wordpress.com\" class=\"inverted italic p small\" target=\"_blank\" data-cp-link=\"1\" rel=\"noopener noreferrer\">Externe Seite \u00f6ffnen<\/a><\/div> <\/div><\/div> <\/div><\/div><div  class=\"col-xs-12 col-sm-4\"> <div  class=\"contentswap-effect visible\" data-hover-fx=\"portfolio-1\"> <div  class=\"initial-image\"> <img decoding=\"async\"  data-size=\"500x333\" src=\"https:\/\/www.svregenbogen.de\/wp-content\/uploads\/2019\/09\/blur-1852926_640.jpg\"><\/div> <div  class=\"overlay\"><\/div> <div  class=\"swap-inner col-xs-12\"> <div  class=\"row full-height-row bottom-xs\"> <div  class=\"col-xs-12 color1 text-center content-holder\"> <h4  class=\"inverted font-500\">Szene Guide Gie\u00dfen<\/h4> <a href=\"https:\/\/www.inqueery.de\/guide\/giessen\" class=\"inverted italic p small\" target=\"_blank\" data-cp-link=\"1\" rel=\"noopener noreferrer\">Externe Seite \u00f6ffnen<\/a><\/div> <\/div><\/div> <\/div><\/div><\/div><\/div> <\/div>","protected":false},"excerpt":{"rendered":"<p>Weitere Vereine und Webseiten Die regionale Community aus Gie\u00dfen und Umgebung. Und weitere Links mit interessanten Inhalten. Aidshilfe in Mittelhessen Externe Seite \u00f6ffnen Chor Auqeerious Externe Seite \u00f6ffnen Frankfurter Volleyball Verein e.V. Externe Seite \u00f6ffnen TSV 1907 Allendorf Lumda e.V. Externe Seite \u00f6ffnen Artemis Sport Frankfurt e.V. Externe Seite \u00f6ffnen CSD Mittelhessen Externe Seite \u00f6ffnen&hellip; <br \/> <a class=\"read-more\" href=\"https:\/\/www.svregenbogen.de\/?page_id=91\">Read more<\/a><\/p>\n","protected":false},"author":1,"featured_media":0,"parent":0,"menu_order":0,"comment_status":"closed","ping_status":"closed","template":"pro\/page-templates\/full-width-page.php","meta":{"footnotes":""},"class_list":["post-91","page","type-page","status-publish","hentry"],"_links":{"self":[{"href":"https:\/\/www.svregenbogen.de\/index.php?rest_route=\/wp\/v2\/pages\/91","targetHints":{"allow":["GET"]}}],"collection":[{"href":"https:\/\/www.svregenbogen.de\/index.php?rest_route=\/wp\/v2\/pages"}],"about":[{"href":"https:\/\/www.svregenbogen.de\/index.php?rest_route=\/wp\/v2\/types\/page"}],"author":[{"embeddable":true,"href":"https:\/\/www.svregenbogen.de\/index.php?rest_route=\/wp\/v2\/users\/1"}],"replies":[{"embeddable":true,"href":"https:\/\/www.svregenbogen.de\/index.php?rest_route=%2Fwp%2Fv2%2Fcomments&post=91"}],"version-history":[{"count":18,"href":"https:\/\/www.svregenbogen.de\/index.php?rest_route=\/wp\/v2\/pages\/91\/revisions"}],"predecessor-version":[{"id":529,"href":"https:\/\/www.svregenbogen.de\/index.php?rest_route=\/wp\/v2\/pages\/91\/revisions\/529"}],"wp:attachment":[{"href":"https:\/\/www.svregenbogen.de\/index.php?rest_route=%2Fwp%2Fv2%2Fmedia&parent=91"}],"curies":[{"name":"wp","href":"https:\/\/api.w.org\/{rel}","templated":true}]}}