{"id":795,"date":"2025-01-06T14:50:38","date_gmt":"2025-01-06T13:50:38","guid":{"rendered":"https:\/\/www.svregenbogen.de\/?page_id=795"},"modified":"2026-03-01T23:19:13","modified_gmt":"2026-03-01T22:19:13","slug":"mitglied-werden","status":"publish","type":"page","link":"https:\/\/www.svregenbogen.de\/?page_id=795","title":{"rendered":"Mitglied werden"},"content":{"rendered":"<div  data-label=\"Content\" data-id=\"content--6\" data-export-id=\"content-12\" data-category=\"content\" class=\"content-12 content-section content-section-spacing\" id=\"content-6\" style=\"background-color: rgb(245, 250, 253);\"><div  class=\"gridContainer\"> <div  class=\"row text-center\"><div  class=\"section-title-col\" data-type=\"column\"> <h2  class=\"\">Werde Mitglied im SV Regenbogen<\/h2> <p  class=\"lead\">Du m\u00f6chtest offiziell Teil des SV Regenbogen werden?<br >\nDann kannst du hier direkt unseren <b >Mitgliedsantrag <\/b>ganz bequem online ausf\u00fcllen.<br >\n(Falls das Formular unten nicht angezeigt wird, kannst du es alternativ auch \u00fcber den Button aufrufen.)<br ><br >\nAu\u00dferdem findest du hier unsere <b >Vereinssatzung <\/b>zum Download.<br ><br ><u >\nHinweis zum Datenschutz:<\/u><br >\nDer Antrag wird \u00fcber unseren Partner Vereinsplaner abgewickelt. Dabei werden deine Daten sicher gespeichert und ausschlie\u00dflich f\u00fcr Vereinszwecke genutzt. Mit dem Absenden erkl\u00e4rst du dich mit der Verarbeitung deiner Daten durch Vereinsplaner einverstanden.<\/p><a  class=\"button color1\" href=\"https:\/\/formular.vereinsplaner.com\/c74a8710-53ee-4dec-ad58-37a9bfe49299\" target=\"_self\" data-cp-link=\"1\" data-icon=\"\">Link zum Mitgliedsantrag<\/a><a  class=\"button color1\" href=\"https:\/\/www.svregenbogen.de\/wp-content\/uploads\/2026\/03\/2026_02_23_Vereinssatzung_SV_Regenbogen_e.V.pdf\" target=\"_self\" data-cp-link=\"1\" data-icon=\"\">Vereinssatzung<\/a><\/div> <\/div> <div  class=\"row center-xs middle-xs\"> <div  class=\"col-sm-9\" data-type=\"column\"> <\/div> <\/div><\/div> <\/div><div  data-label=\"Content\" data-id=\"content--2\" data-export-id=\"content-12\" data-category=\"content\" class=\"content-12 content-section content-section-spacing\" id=\"content-2\" style=\"background-color: rgb(255, 255, 255);\"><div  class=\"gridContainer\"> <div  class=\"row text-center\"><div  class=\"section-title-col\" data-type=\"column\">  <\/div> <\/div> <div  class=\"row center-xs middle-xs\"> <div  class=\"col-sm-9\" data-type=\"column\"> <div  data-editable=\"true\" data-name=\"ope-custom-content-shortcode\" data-content-shortcode=\"aufnahmeantrag\" class=\"\"><iframe src=\"https:\/\/formular.vereinsplaner.com\/embed\/c74a8710-53ee-4dec-ad58-37a9bfe49299\" \n                    style=\"width: 100%; height: 3200px; border: none;\" \n                    scrolling=\"auto\">\n            <\/iframe><\/div><\/div> <\/div><\/div> <\/div>","protected":false},"excerpt":{"rendered":"<p>Werde Mitglied im SV Regenbogen Du m\u00f6chtest offiziell Teil des SV Regenbogen werden? Dann kannst du hier direkt unseren Mitgliedsantrag ganz bequem online ausf\u00fcllen. (Falls das Formular unten nicht angezeigt wird, kannst du es alternativ auch \u00fcber den Button aufrufen.) Au\u00dferdem findest du hier unsere Vereinssatzung zum Download. Hinweis zum Datenschutz: Der Antrag wird \u00fcber&hellip; <br \/> <a class=\"read-more\" href=\"https:\/\/www.svregenbogen.de\/?page_id=795\">Read more<\/a><\/p>\n","protected":false},"author":2,"featured_media":0,"parent":0,"menu_order":0,"comment_status":"closed","ping_status":"closed","template":"pro\/page-templates\/full-width-page.php","meta":{"footnotes":""},"class_list":["post-795","page","type-page","status-publish","hentry"],"_links":{"self":[{"href":"https:\/\/www.svregenbogen.de\/index.php?rest_route=\/wp\/v2\/pages\/795","targetHints":{"allow":["GET"]}}],"collection":[{"href":"https:\/\/www.svregenbogen.de\/index.php?rest_route=\/wp\/v2\/pages"}],"about":[{"href":"https:\/\/www.svregenbogen.de\/index.php?rest_route=\/wp\/v2\/types\/page"}],"author":[{"embeddable":true,"href":"https:\/\/www.svregenbogen.de\/index.php?rest_route=\/wp\/v2\/users\/2"}],"replies":[{"embeddable":true,"href":"https:\/\/www.svregenbogen.de\/index.php?rest_route=%2Fwp%2Fv2%2Fcomments&post=795"}],"version-history":[{"count":11,"href":"https:\/\/www.svregenbogen.de\/index.php?rest_route=\/wp\/v2\/pages\/795\/revisions"}],"predecessor-version":[{"id":1239,"href":"https:\/\/www.svregenbogen.de\/index.php?rest_route=\/wp\/v2\/pages\/795\/revisions\/1239"}],"wp:attachment":[{"href":"https:\/\/www.svregenbogen.de\/index.php?rest_route=%2Fwp%2Fv2%2Fmedia&parent=795"}],"curies":[{"name":"wp","href":"https:\/\/api.w.org\/{rel}","templated":true}]}}