{"id":51,"date":"2019-09-29T19:13:58","date_gmt":"2019-09-29T19:13:58","guid":{"rendered":"http:\/\/website.svregenbogen.de\/?page_id=51"},"modified":"2026-04-06T18:53:43","modified_gmt":"2026-04-06T16:53:43","slug":"impressum","status":"publish","type":"page","link":"https:\/\/www.svregenbogen.de\/?page_id=51","title":{"rendered":"Impressum"},"content":{"rendered":"<div  data-label=\"Impressum\" data-id=\"content--1\" data-export-id=\"content-9\" data-category=\"content\" class=\"content-9 content-section content-section-spacing\" id=\"impressum\" style=\"background-color: rgb(255, 255, 255);\"><div  class=\"gridContainer\"> <div  class=\"row text-center\"><div  class=\"section-title-col\" data-type=\"column\">  <\/div> <\/div> <div  class=\"row space-bottom text-center\" data-type=\"row\"> <div  class=\"col-sm-4 col-padding-small\"> <i  class=\"fa icon fa-address-card-o bordered round color1\"><\/i> <h4  class=\"\">Anschrift<\/h4> <p  class=\"\">SV Regenbogen\n<br >Queerer Sportverein Gie\u00dfen e.V.<br >\n\t\tPostfach 10 04 46<br >\n\t\t35334 Gie\u00dfen\n<br ><br >\n\t\tTel.: 0151 50607087<br >\nE-Mail: <a  data-mce-href=\"mailto:info@svregenbogen.de\" href=\"mailto:info@svregenbogen.de\" target=\"_blank\" rel=\"noopener\" data-mce-selected=\"inline-boundary\" data-cp-link=\"1\">info@svregenbogen.de<\/a>\n<\/p><\/div> <div  class=\"col-sm-4 col-padding-small\"><a  data-cp-link=\"1\" href=\"#\" class=\"\" target=\"_self\" rel=\"noopener noreferrer\"><i  class=\"fa icon fa-group bordered round color1\"><\/i><\/a> <h4  class=\"\">Vereinsvorstand<\/h4> <p  class=\"\">1. Vorsitzender:&nbsp;Frank Bepperling<br >\n\t\t2. Vorsitzende:&nbsp;Julia Rinn<br >\n\t\tKassierer: Florian Limprecht<br >\nSchriftf\u00fchrer: Marc Benjamin Kiewel\n<br >Beisitzerin:&nbsp;Monia Heinschild<br >&nbsp;<\/p><img  decoding=\"async\" class=\"custom-image\" src=\"https:\/\/www.svregenbogen.de\/wp-content\/uploads\/2021\/06\/webmaster.png\" title=\"webmaster\" alt=\"\"><\/div> <div  class=\"col-sm-4 col-padding-small\"><i  class=\"fa icon bordered round fa-gg color1\"><\/i> <h4  class=\"\">Verein<\/h4> <p  class=\"\">Amtsgericht Gie\u00dfen<br >\nVereinsregister VR2403\n<br >\n<br >Bankverbindung\n<br >(gerne auch f\u00fcr Spenden):<br >Volksbank Mittelhessen<br >\nBIC: VBMHDE5F<br >\nDE79 5139 0000 0009 0859 04<\/p><\/div> <\/div> <div  class=\"row center-xs middle-xs\"> <div  class=\"col-sm-12\" data-type=\"column\">  <\/div><\/div> <\/div><\/div><div  data-label=\"Datenschutz\" data-id=\"cta--2\" data-export-id=\"cta-blue-section\" data-category=\"cta\" class=\"cta-blue-section content-section content-section-spacing-medium bg-color1 white-text\" id=\"datenschutz\"><div  class=\"gridContainer\"> <div  class=\"row middle-xs\"><div  class=\"col-sm-8 space-bottom-xs\" data-type=\"column\"> <h2  class=\"\"><span  style=\"font-weight: 300;\">Datenschutzrichtlinien der Webseite<\/span><\/h2> <\/div> <div  class=\"col-sm-4 end-sm\" data-type=\"column\"> <a  class=\"button color2\" href=\"https:\/\/www.svregenbogen.de?page_id=360\" target=\"_self\" data-cp-link=\"1\" data-icon=\"\" rel=\"noopener noreferrer\">Anzeigen<\/a><a  class=\"button color2 white-text\" href=\"https:\/\/www.svregenbogen.de\/wp-content\/uploads\/2019\/09\/20190930_Datenschutzerkl\u00e4rung-Webseite-SVRegenbgen.pdf\" target=\"_blank\" data-cp-link=\"1\" data-icon=\"\" rel=\"noopener\">Download<\/a><\/div> <\/div><\/div> <\/div><div  data-label=\"Vereinssatzung\" data-id=\"cta--1\" data-export-id=\"cta-blue-section\" data-category=\"cta\" class=\"cta-blue-section content-section content-section-spacing-medium bg-color1 white-text\" id=\"vereinssatzung\" style=\"background-image: none; background-color: rgb(9, 110, 104);\"><div  class=\"gridContainer\"> <div  class=\"row middle-xs\"><div  class=\"col-sm-8 space-bottom-xs\" data-type=\"column\"> <h2  class=\"\"><span  style=\"font-weight: 300;\">Vereinssatzung inkl. Datenschutzrichtlinien<\/span><\/h2> <\/div> <div  class=\"col-sm-4 end-sm\" data-type=\"column\"><a  class=\"button color2\" href=\"https:\/\/www.svregenbogen.de\/wp-content\/uploads\/2026\/03\/2026_02_23_Vereinssatzung_SV_Regenbogen_e.V.pdf\" target=\"_blank\" data-cp-link=\"1\" data-icon=\"\" rel=\"noopener\">Download<\/a> <\/div> <\/div><\/div> <\/div><div  data-label=\"Aufnahmeantrag\" data-id=\"cta--3\" data-export-id=\"cta-blue-section\" data-category=\"cta\" class=\"cta-blue-section content-section content-section-spacing-medium bg-color1 white-text\" id=\"aufnahmeantrag\"><div  class=\"gridContainer\"> <div  class=\"row middle-xs\"><div  class=\"col-sm-8 space-bottom-xs\" data-type=\"column\"> <h2  class=\"\"><span  style=\"font-weight: 300;\">Aufnahmeantrag als Mitglied<\/span><\/h2> <\/div> <div  class=\"col-sm-4 end-sm\" data-type=\"column\"> <a  class=\"button color2\" href=\"https:\/\/formular.vereinsplaner.com\/c74a8710-53ee-4dec-ad58-37a9bfe49299\" target=\"_blank\" data-cp-link=\"1\" data-icon=\"\" rel=\"noopener\">Link zu unserem Servicepartner Vereinsplaner<\/a><\/div> <\/div><\/div> <\/div>","protected":false},"excerpt":{"rendered":"<p>Anschrift SV Regenbogen Queerer Sportverein Gie\u00dfen e.V. Postfach 10 04 46 35334 Gie\u00dfen Tel.: 0151 50607087 E-Mail: info@svregenbogen.de Vereinsvorstand 1. Vorsitzender:&nbsp;Frank Bepperling 2. Vorsitzende:&nbsp;Julia Rinn Kassierer: Florian Limprecht Schriftf\u00fchrer: Marc Benjamin Kiewel Beisitzerin:&nbsp;Monia Heinschild&nbsp; Verein Amtsgericht Gie\u00dfen Vereinsregister VR2403 Bankverbindung (gerne auch f\u00fcr Spenden):Volksbank Mittelhessen BIC: VBMHDE5F DE79 5139 0000 0009 0859 04 Datenschutzrichtlinien der&hellip; <br \/> <a class=\"read-more\" href=\"https:\/\/www.svregenbogen.de\/?page_id=51\">Read more<\/a><\/p>\n","protected":false},"author":1,"featured_media":0,"parent":0,"menu_order":0,"comment_status":"closed","ping_status":"closed","template":"pro\/page-templates\/full-width-page.php","meta":{"footnotes":""},"class_list":["post-51","page","type-page","status-publish","hentry"],"_links":{"self":[{"href":"https:\/\/www.svregenbogen.de\/index.php?rest_route=\/wp\/v2\/pages\/51","targetHints":{"allow":["GET"]}}],"collection":[{"href":"https:\/\/www.svregenbogen.de\/index.php?rest_route=\/wp\/v2\/pages"}],"about":[{"href":"https:\/\/www.svregenbogen.de\/index.php?rest_route=\/wp\/v2\/types\/page"}],"author":[{"embeddable":true,"href":"https:\/\/www.svregenbogen.de\/index.php?rest_route=\/wp\/v2\/users\/1"}],"replies":[{"embeddable":true,"href":"https:\/\/www.svregenbogen.de\/index.php?rest_route=%2Fwp%2Fv2%2Fcomments&post=51"}],"version-history":[{"count":28,"href":"https:\/\/www.svregenbogen.de\/index.php?rest_route=\/wp\/v2\/pages\/51\/revisions"}],"predecessor-version":[{"id":1244,"href":"https:\/\/www.svregenbogen.de\/index.php?rest_route=\/wp\/v2\/pages\/51\/revisions\/1244"}],"wp:attachment":[{"href":"https:\/\/www.svregenbogen.de\/index.php?rest_route=%2Fwp%2Fv2%2Fmedia&parent=51"}],"curies":[{"name":"wp","href":"https:\/\/api.w.org\/{rel}","templated":true}]}}